{"id":13,"date":"2017-03-08T13:55:05","date_gmt":"2017-03-08T13:55:05","guid":{"rendered":"https:\/\/smartdata.tonytemplates.com\/car-repair-service-v4-services\/?page_id=13"},"modified":"2025-01-20T15:49:50","modified_gmt":"2025-01-20T15:49:50","slug":"servis","status":"publish","type":"page","link":"https:\/\/bandirmaotoservis.com\/index.php\/servis\/","title":{"rendered":"Servis"},"content":{"rendered":"\t\t<div data-elementor-type=\"wp-page\" data-elementor-id=\"13\" class=\"elementor elementor-13\">\n\t\t\t\t\t\t<section class=\"elementor-section elementor-top-section elementor-element elementor-element-b951ccc elementor-section-stretched elementor-section-full_width elementor-section-height-default elementor-section-height-default\" data-id=\"b951ccc\" data-element_type=\"section\" data-settings=\"{&quot;stretch_section&quot;:&quot;section-stretched&quot;}\">\n\t\t\t\t\t\t<div class=\"elementor-container elementor-column-gap-no\">\n\t\t\t\t\t<div class=\"elementor-column elementor-col-100 elementor-top-column elementor-element elementor-element-984661c\" data-id=\"984661c\" data-element_type=\"column\">\n\t\t\t<div class=\"elementor-widget-wrap elementor-element-populated\">\n\t\t\t\t\t\t<div class=\"elementor-element elementor-element-92350bf elementor-widget elementor-widget-crs_services\" data-id=\"92350bf\" data-element_type=\"widget\" data-widget_type=\"crs_services.default\">\n\t\t\t\t<div class=\"elementor-widget-container\">\n\t\t\t\t\t\t\t<div class=\"block\">\r\n\t\t\t<div class=\"container no-indent\">\r\n\t\t\t\t<div class=\"tab-services hide-mobile\">\r\n\t\t\t\t\t<div class=\"tab-content\">\r\n\t\t\t\t\t\t<div class=\"row services-alt tab-pane fade in active\" id=\"services1\">\r\n\t\t\t\t\t\t\t\t\t\t\t\t\t\t\t\t<div class=\"col-xs-6 col-sm-6 col-md-4\">\r\n\t\t\t\t\t\t\t\t\t\t<div class=\"services-block-alt\">\r\n\t\t\t\t\t\t\t\t\t\t\t<div class=\"image\">\r\n\t\t\t\t\t\t\t\t\t\t\t\t<a href=\"https:\/\/bandirmaotoservis.com\/index.php\/car-services\/periyodik-arac-bakimi\/\" class=\"image-scale-color\">\r\n\t\t\t\t\t\t\t\t\t\t\t\t<img fetchpriority=\"high\" decoding=\"async\" width=\"357\" height=\"242\" src=\"https:\/\/bandirmaotoservis.com\/wp-content\/uploads\/2017\/03\/services-img-01-1-357x242.jpg\" class=\"attachment-car-repair-services-thumbnail size-car-repair-services-thumbnail wp-post-image\" alt=\"\" srcset=\"https:\/\/bandirmaotoservis.com\/wp-content\/uploads\/2017\/03\/services-img-01-1-357x242.jpg 357w, https:\/\/bandirmaotoservis.com\/wp-content\/uploads\/2017\/03\/services-img-01-1-300x204.jpg 300w, https:\/\/bandirmaotoservis.com\/wp-content\/uploads\/2017\/03\/services-img-01-1.jpg 370w\" sizes=\"(max-width: 357px) 100vw, 357px\" \/>\t\t\t\t\t\t\t\t\t\t\t\t<\/a>\r\n\t\t\t\t\t\t\t\t\t\t\t\t\t\t\t\t\t\t\t\t\t\t\t\t<i class=\"icon icon-oil\"><\/i>\r\n\t\t\t\t\t\t\t\t\t\t\t\t\t\t\t\t\t\t\t\t\t\t\t<\/div>\r\n\t\t\t\t\t\t\t\t\t\t\t<div class=\"caption\">\r\n\t\t\t\t\t\t\t\t\t\t\t\t<h3 class=\"title\"><a href=\"https:\/\/bandirmaotoservis.com\/index.php\/car-services\/periyodik-arac-bakimi\/\">Periyodik Ara\u00e7 Bak\u0131m\u0131<\/a><\/h3>\r\n\t\t\t\t\t\t\t\t\t\t\t\t<div class=\"text\">\r\n\t\t\t\t\t\t\t\t\t\t\t\tEuromaster Umut Oto periyodik bak\u0131m \t\t\t\t\t\t\t\t\t\t\t\t<\/div>\r\n\t\t\t\t\t\t\t\t\t\t\t<\/div>\r\n\t\t\t\t\t\t\t\t\t\t<\/div>\r\n\t\t\t\t\t\t\t\t\t<\/div>\r\n\t\t\t\t\t\t\t\t\t\t\t\t\t\t\t\t\t\t<div class=\"col-xs-6 col-sm-6 col-md-4\">\r\n\t\t\t\t\t\t\t\t\t\t<div class=\"services-block-alt\">\r\n\t\t\t\t\t\t\t\t\t\t\t<div class=\"image\">\r\n\t\t\t\t\t\t\t\t\t\t\t\t<a href=\"https:\/\/bandirmaotoservis.com\/index.php\/car-services\/ucretsiz-check-up\/\" class=\"image-scale-color\">\r\n\t\t\t\t\t\t\t\t\t\t\t\t<img decoding=\"async\" width=\"357\" height=\"242\" src=\"https:\/\/bandirmaotoservis.com\/wp-content\/uploads\/2017\/03\/services-img-02-1-357x242.jpg\" class=\"attachment-car-repair-services-thumbnail size-car-repair-services-thumbnail wp-post-image\" alt=\"\" srcset=\"https:\/\/bandirmaotoservis.com\/wp-content\/uploads\/2017\/03\/services-img-02-1-357x242.jpg 357w, https:\/\/bandirmaotoservis.com\/wp-content\/uploads\/2017\/03\/services-img-02-1-300x204.jpg 300w, https:\/\/bandirmaotoservis.com\/wp-content\/uploads\/2017\/03\/services-img-02-1.jpg 370w\" sizes=\"(max-width: 357px) 100vw, 357px\" \/>\t\t\t\t\t\t\t\t\t\t\t\t<\/a>\r\n\t\t\t\t\t\t\t\t\t\t\t\t\t\t\t\t\t\t\t\t\t\t\t\t<i class=\"icon icon-disc-brake\"><\/i>\r\n\t\t\t\t\t\t\t\t\t\t\t\t\t\t\t\t\t\t\t\t\t\t\t<\/div>\r\n\t\t\t\t\t\t\t\t\t\t\t<div class=\"caption\">\r\n\t\t\t\t\t\t\t\t\t\t\t\t<h3 class=\"title\"><a href=\"https:\/\/bandirmaotoservis.com\/index.php\/car-services\/ucretsiz-check-up\/\">\u00dccretsiz Check-UP<\/a><\/h3>\r\n\t\t\t\t\t\t\t\t\t\t\t\t<div class=\"text\">\r\n\t\t\t\t\t\t\t\t\t\t\t\t\u00dccretsiz Check-Up hizmetimizden sende faydalan...\t\t\t\t\t\t\t\t\t\t\t\t<\/div>\r\n\t\t\t\t\t\t\t\t\t\t\t<\/div>\r\n\t\t\t\t\t\t\t\t\t\t<\/div>\r\n\t\t\t\t\t\t\t\t\t<\/div>\r\n\t\t\t\t\t\t\t\t\t\t\t\t\t\t\t<\/div>\r\n\t\t\t\t\t<\/div>\r\n\t\t\t\t\t\t\t\t\t<\/div>\r\n\t\t\t\t<div class=\"tab-services show-mobile\">\r\n\t\t\t\t  \r\n\t\t\t\t\t\t<div class=\"row services-alt\">\r\n\t\t\t\t\t\t\t\t\t\t\t\t\t\t\t\t<div class=\"col-xs-6 col-sm-6 col-md-4\">\r\n\t\t\t\t\t\t\t\t\t\t<div class=\"services-block-alt\">\r\n\t\t\t\t\t\t\t\t\t\t\t<div class=\"image\">\r\n\t\t\t\t\t\t\t\t\t\t\t\t<a href=\"https:\/\/bandirmaotoservis.com\/index.php\/car-services\/periyodik-arac-bakimi\/\" class=\"image-scale-color\">\r\n\t\t\t\t\t\t\t\t\t\t\t\t<img fetchpriority=\"high\" decoding=\"async\" width=\"357\" height=\"242\" src=\"https:\/\/bandirmaotoservis.com\/wp-content\/uploads\/2017\/03\/services-img-01-1-357x242.jpg\" class=\"attachment-car-repair-services-thumbnail size-car-repair-services-thumbnail wp-post-image\" alt=\"\" srcset=\"https:\/\/bandirmaotoservis.com\/wp-content\/uploads\/2017\/03\/services-img-01-1-357x242.jpg 357w, https:\/\/bandirmaotoservis.com\/wp-content\/uploads\/2017\/03\/services-img-01-1-300x204.jpg 300w, https:\/\/bandirmaotoservis.com\/wp-content\/uploads\/2017\/03\/services-img-01-1.jpg 370w\" sizes=\"(max-width: 357px) 100vw, 357px\" \/>\t\t\t\t\t\t\t\t\t\t\t\t<\/a>\r\n\t\t\t\t\t\t\t\t\t\t\t\t\t\t\t\t\t\t\t\t\t\t\t\t<i class=\"icon icon-oil\"><\/i>\r\n\t\t\t\t\t\t\t\t\t\t\t\t\t\t\t\t\t\t\t\t\t\t\t<\/div>\r\n\t\t\t\t\t\t\t\t\t\t\t<div class=\"caption\">\r\n\t\t\t\t\t\t\t\t\t\t\t\t<h3 class=\"title\"><a href=\"https:\/\/bandirmaotoservis.com\/index.php\/car-services\/periyodik-arac-bakimi\/\">Periyodik Ara\u00e7 Bak\u0131m\u0131<\/a><\/h3>\r\n\t\t\t\t\t\t\t\t\t\t\t\t<div class=\"text\">\r\n\t\t\t\t\t\t\t\t\t\t\t\tEuromaster Umut Oto periyodik bak\u0131m \t\t\t\t\t\t\t\t\t\t\t\t<\/div>\r\n\t\t\t\t\t\t\t\t\t\t\t<\/div>\r\n\t\t\t\t\t\t\t\t\t\t<\/div>\r\n\t\t\t\t\t\t\t\t\t<\/div>\r\n\t\t\t\t\t\t\t\t\t\t\t\t\t\t\t\t\t\t<div class=\"col-xs-6 col-sm-6 col-md-4\">\r\n\t\t\t\t\t\t\t\t\t\t<div class=\"services-block-alt\">\r\n\t\t\t\t\t\t\t\t\t\t\t<div class=\"image\">\r\n\t\t\t\t\t\t\t\t\t\t\t\t<a href=\"https:\/\/bandirmaotoservis.com\/index.php\/car-services\/ucretsiz-check-up\/\" class=\"image-scale-color\">\r\n\t\t\t\t\t\t\t\t\t\t\t\t<img decoding=\"async\" width=\"357\" height=\"242\" src=\"https:\/\/bandirmaotoservis.com\/wp-content\/uploads\/2017\/03\/services-img-02-1-357x242.jpg\" class=\"attachment-car-repair-services-thumbnail size-car-repair-services-thumbnail wp-post-image\" alt=\"\" srcset=\"https:\/\/bandirmaotoservis.com\/wp-content\/uploads\/2017\/03\/services-img-02-1-357x242.jpg 357w, https:\/\/bandirmaotoservis.com\/wp-content\/uploads\/2017\/03\/services-img-02-1-300x204.jpg 300w, https:\/\/bandirmaotoservis.com\/wp-content\/uploads\/2017\/03\/services-img-02-1.jpg 370w\" sizes=\"(max-width: 357px) 100vw, 357px\" \/>\t\t\t\t\t\t\t\t\t\t\t\t<\/a>\r\n\t\t\t\t\t\t\t\t\t\t\t\t\t\t\t\t\t\t\t\t\t\t\t\t<i class=\"icon icon-disc-brake\"><\/i>\r\n\t\t\t\t\t\t\t\t\t\t\t\t\t\t\t\t\t\t\t\t\t\t\t<\/div>\r\n\t\t\t\t\t\t\t\t\t\t\t<div class=\"caption\">\r\n\t\t\t\t\t\t\t\t\t\t\t\t<h3 class=\"title\"><a href=\"https:\/\/bandirmaotoservis.com\/index.php\/car-services\/ucretsiz-check-up\/\">\u00dccretsiz Check-UP<\/a><\/h3>\r\n\t\t\t\t\t\t\t\t\t\t\t\t<div class=\"text\">\r\n\t\t\t\t\t\t\t\t\t\t\t\t\u00dccretsiz Check-Up hizmetimizden sende faydalan...\t\t\t\t\t\t\t\t\t\t\t\t<\/div>\r\n\t\t\t\t\t\t\t\t\t\t\t<\/div>\r\n\t\t\t\t\t\t\t\t\t\t<\/div>\r\n\t\t\t\t\t\t\t\t\t<\/div>\r\n\t\t\t\t\t\t\t\t\t\t\t\t\t\t\t<\/div>\r\n\t\t\t\t\t<\/div>\r\n\t\t\t\r\n\t\t\t<\/div>\r\n\t\t<\/div>\r\n\t\t\t\t\t\t<\/div>\n\t\t\t\t<\/div>\n\t\t\t\t\t<\/div>\n\t\t<\/div>\n\t\t\t\t\t<\/div>\n\t\t<\/section>\n\t\t\t\t<section class=\"elementor-section elementor-top-section elementor-element elementor-element-835202a elementor-section-stretched elementor-section-full_width elementor-section-height-default elementor-section-height-default\" data-id=\"835202a\" data-element_type=\"section\" data-settings=\"{&quot;stretch_section&quot;:&quot;section-stretched&quot;,&quot;background_background&quot;:&quot;classic&quot;}\">\n\t\t\t\t\t\t<div class=\"elementor-container elementor-column-gap-default\">\n\t\t\t\t\t<div class=\"elementor-column elementor-col-100 elementor-top-column elementor-element elementor-element-15c23c4\" data-id=\"15c23c4\" data-element_type=\"column\">\n\t\t\t<div class=\"elementor-widget-wrap elementor-element-populated\">\n\t\t\t\t\t\t<div class=\"elementor-element elementor-element-19b8131 elementor-widget elementor-widget-appointment_schedule\" data-id=\"19b8131\" data-element_type=\"widget\" data-widget_type=\"appointment_schedule.default\">\n\t\t\t\t<div class=\"elementor-widget-container\">\n\t\t\t\t\t\t\t\t<div class=\"block bg-custom-01 style-theme-01 \">\r\n  <div class=\"section__text-background text-color02 text-center text-background__center\">\r\n\t\t\t<\/div>\r\n  <div class=\"text-center\">\r\n\t<h2 class=\"h-lg\">Vehicle damage? <span class=\"color\">We'll fix it<\/span><\/h2>\r\n\t<p class=\"info\">We specialize in car repair. We're the one of largest accident damage repair network<\/p>\r\n\t<h2 class=\"h-phone\">1-800-123-4567<\/h2>\r\n\t<div class=\"btn-inline\">\r\n\t\t\t\t  <a class=\"btn btn-border btn-color02 btn-wide\"\r\n\t\thref=\"https:\/\/smartdata.tonytemplates.com\/car-repair-service-v4\/car2\/contacts\/\"><span>Need Help?<\/span><\/a>\r\n\t  \t<\/div>\r\n  <\/div>\r\n<\/div>\r\n\r\n\t\t\t\t\t\t\t<\/div>\n\t\t\t\t<\/div>\n\t\t\t\t\t<\/div>\n\t\t<\/div>\n\t\t\t\t\t<\/div>\n\t\t<\/section>\n\t\t\t\t<section class=\"elementor-section elementor-top-section elementor-element elementor-element-f8255ea elementor-section-stretched elementor-section-full_width elementor-section-height-default elementor-section-height-default\" data-id=\"f8255ea\" data-element_type=\"section\" data-settings=\"{&quot;stretch_section&quot;:&quot;section-stretched&quot;}\">\n\t\t\t\t\t\t<div class=\"elementor-container elementor-column-gap-default\">\n\t\t\t\t\t<div class=\"elementor-column elementor-col-100 elementor-top-column elementor-element elementor-element-793ea16\" data-id=\"793ea16\" data-element_type=\"column\">\n\t\t\t<div class=\"elementor-widget-wrap elementor-element-populated\">\n\t\t\t\t\t\t<div class=\"elementor-element elementor-element-9c00b0b elementor-widget elementor-widget-our_services\" data-id=\"9c00b0b\" data-element_type=\"widget\" data-widget_type=\"our_services.default\">\n\t\t\t\t<div class=\"elementor-widget-container\">\n\t\t\t\t\t\t\t<div class=\"block\">\r\n\t\t  <div class=\"container position-relative\">\r\n\t\t\t<div class=\"section__text-background text-color01\">Services<\/div>\r\n\t\t\t <div class=\"row\" id=\"slideMobile\">\r\n\t\t\t\t<div class=\"col-sm-6 col-md-4\">\r\n\t\t\t\t\t<div class=\"block-title text-left\">\r\n\t\t\t\t\t\t<h2 class=\"block-title__title\">Repair Services That <span class=\"color\">We Offer<\/span><\/h2>\r\n\t\t\t\t\t\t<div class=\"title-separator\"><\/div>\r\n\t\t\t\t\t<\/div>\r\n\t\t\t\t\t<p>\r\n\t\t\t\t\tWe provide a full range of front end mechanical repairs for all makes and models of cars, no matter the cause. This includes everything from struts, shocks, and tie rod ends to ball joints, springs, and basically everything that is included in repairing the front end of the vehicle.\t\t\t\t\t<\/p>\r\n\t\t\t\t\t\t\t\t\t\t<a href=\"#\" data-toggle=\"modal\" data-target=\"#appointmentForm\" class=\"btn btn-top btn-border hide-onlymobile btn-invert\"><span>Book an Appointment<\/span><\/a>\r\n\t\t\t\t\t\t\t\t\t<\/div>\r\n\t\t\t\t\t\t\t\t\t\t<div class=\"col-sm-6 col-md-4 \">\r\n\t\t\t\t\t\t   <ul class=\"marker-list\">\r\n\t\t\t\t\t\t\t<li>FREE Loaner Cars<\/li>\n<li>FREE Shuttle Service<\/li>\n<li>General Auto Repair &amp; Maintenance<\/li>\n<li>Transmission Repair &amp; Replacement<\/li>\n<li>Fuel System Repair<\/li>\n<li>Exhaust System Repair<\/li>\n<li>Engine Cooling System Maintenance<\/li>\n<li>Electrical Diagnostics<\/li>\n<li>Starting and Charging Repair<\/li>\n<li>Wheel Alignment<\/li>\n<li>CV Axles<\/li>\n<li>Computer Diagnostic Testing<\/li>\n<li class=\"list-hidden\">Manufacturer Recommended Service<\/li>\n<li class=\"list-hidden\">Brake Repair and Replacement<\/li>\n<li class=\"list-hidden\">Air Conditioning A\/C Repair<\/li>\n<li class=\"list-hidden\">Tire Repair and Replacement<\/li>\n<li class=\"list-hidden\">Vehicle Preventative Maintenance<\/li>\n<li class=\"list-hidden\">State Emissions Inspection<\/li>\n<li class=\"list-hidden\">Emission Repair Facility<\/li>\n<li class=\"list-hidden\">Tune Up<\/li>\n<li class=\"list-hidden\">Oil Change<\/li>\n<li class=\"list-hidden\">Brake Job \/ Brake Service<\/li>\n<li class=\"list-hidden\">Engine Cooling System Flush &amp; Repair<\/li>\n<li class=\"list-hidden\">Steering and Suspension Work<\/li>\t\t\t\t\t\t\t<\/ul>\r\n\t\t\t\t\t\t\t<a href=\"#\" class=\"js-add-points show-tablet btn-add btn-top\">+ More Services<\/a><br>\r\n\t\t\t\t\t\t\t<a href=\"#\" data-toggle=\"modal\" data-target=\"#appointmentForm\" class=\"btn btn-top btn-border show-onlymobile btn-invert\"><span>Book an Appointment<\/span><\/a>\r\n\t\t\t\t\t<\/div>\r\n\t\t\t\t\t\t\t\t\t\t\t\t<div class=\"col-sm-6 col-md-4 view-more-mobile view-more-tablet\">\r\n\t\t\t\t\t\t   <ul class=\"marker-list\">\r\n\t\t\t\t\t\t\t<li>Manufacturer Recommended Service<\/li>\n<li>Brake Repair and Replacement<\/li>\n<li>Air Conditioning A\/C Repair<\/li>\n<li>Tire Repair and Replacement<\/li>\n<li>Vehicle Preventative Maintenance<\/li>\n<li>State Emissions Inspection<\/li>\n<li>Emission Repair Facility<\/li>\n<li>Tune Up<\/li>\n<li>Oil Change<\/li>\n<li>Brake Job \/ Brake Service<\/li>\n<li>Engine Cooling System Flush &amp; Repair<\/li>\n<li>Steering and Suspension Work<\/li>\t\t\t\t\t\t\t<\/ul>\r\n\t\t\t\t\t\t\t<a href=\"#\" class=\"js-add-points show-tablet btn-add btn-top\">+ More Services<\/a><br>\r\n\t\t\t\t\t\t\t<a href=\"#\" data-toggle=\"modal\" data-target=\"#appointmentForm\" class=\"btn btn-top btn-border show-onlymobile btn-invert\"><span>Book an Appointment<\/span><\/a>\r\n\t\t\t\t\t<\/div>\r\n\t\t\t\t\t\t\t\t<\/div>\r\n\t<\/div>\r\n<\/div>\r\n\t\t\t\t\t\t<\/div>\n\t\t\t\t<\/div>\n\t\t\t\t\t<\/div>\n\t\t<\/div>\n\t\t\t\t\t<\/div>\n\t\t<\/section>\n\t\t\t\t<\/div>\n\t\t","protected":false},"excerpt":{"rendered":"<p>Preventative Maintenance The best way to minimize breakdowns is doing routine maintenance Brake Repair &#038; Services Brakes wear out over time requiring service Transmission Service &#038; Repair The transmission is complicated and important components of your car Engine Services Brakes wear out over time requiring service Tires &#038; Wheels The best way to minimize breakdowns [&hellip;]<\/p>\n","protected":false},"author":1,"featured_media":0,"parent":0,"menu_order":0,"comment_status":"closed","ping_status":"closed","template":"","meta":{"footnotes":""},"class_list":["post-13","page","type-page","status-publish","hentry"],"yoast_head":"<!-- This site is optimized with the Yoast SEO plugin v24.2 - https:\/\/yoast.com\/wordpress\/plugins\/seo\/ -->\n<title>Servis - Umut Oto Servis<\/title>\n<meta name=\"description\" content=\"Euromaster Umut Oto Servis ileti\u015fim sayfas\u0131ndan bize kolayca ula\u015fabilirsiniz! Telefon, e-posta ve adres bilgilerimizle h\u0131zl\u0131 destek al\u0131n. Arac\u0131n\u0131z i\u00e7in uzman \u00e7\u00f6z\u00fcmler bir t\u0131k uza\u011f\u0131n\u0131zda!\" \/>\n<meta name=\"robots\" content=\"index, follow, max-snippet:-1, max-image-preview:large, max-video-preview:-1\" \/>\n<link rel=\"canonical\" href=\"https:\/\/bandirmaotoservis.com\/index.php\/servis\/\" \/>\n<meta property=\"og:locale\" content=\"tr_TR\" \/>\n<meta property=\"og:type\" content=\"article\" \/>\n<meta property=\"og:title\" content=\"Servis - Umut Oto Servis\" \/>\n<meta property=\"og:description\" content=\"Euromaster Umut Oto Servis ileti\u015fim sayfas\u0131ndan bize kolayca ula\u015fabilirsiniz! Telefon, e-posta ve adres bilgilerimizle h\u0131zl\u0131 destek al\u0131n. Arac\u0131n\u0131z i\u00e7in uzman \u00e7\u00f6z\u00fcmler bir t\u0131k uza\u011f\u0131n\u0131zda!\" \/>\n<meta property=\"og:url\" content=\"https:\/\/bandirmaotoservis.com\/index.php\/servis\/\" \/>\n<meta property=\"og:site_name\" content=\"Umut Oto Servis\" \/>\n<meta property=\"article:modified_time\" content=\"2025-01-20T15:49:50+00:00\" \/>\n<meta property=\"og:image\" content=\"https:\/\/bandirmaotoservis.com\/wp-content\/uploads\/2025\/01\/services-img-01-1-357x242-1.jpg\" \/>\n<meta name=\"twitter:card\" content=\"summary_large_image\" \/>\n<meta name=\"twitter:label1\" content=\"Tahmini okuma s\u00fcresi\" \/>\n\t<meta name=\"twitter:data1\" content=\"8 dakika\" \/>\n<script type=\"application\/ld+json\" class=\"yoast-schema-graph\">{\"@context\":\"https:\/\/schema.org\",\"@graph\":[{\"@type\":\"WebPage\",\"@id\":\"https:\/\/bandirmaotoservis.com\/index.php\/servis\/\",\"url\":\"https:\/\/bandirmaotoservis.com\/index.php\/servis\/\",\"name\":\"Servis - Umut Oto Servis\",\"isPartOf\":{\"@id\":\"https:\/\/bandirmaotoservis.com\/#website\"},\"primaryImageOfPage\":{\"@id\":\"https:\/\/bandirmaotoservis.com\/index.php\/servis\/#primaryimage\"},\"image\":{\"@id\":\"https:\/\/bandirmaotoservis.com\/index.php\/servis\/#primaryimage\"},\"thumbnailUrl\":\"https:\/\/bandirmaotoservis.com\/wp-content\/uploads\/2025\/01\/services-img-01-1-357x242-1.jpg\",\"datePublished\":\"2017-03-08T13:55:05+00:00\",\"dateModified\":\"2025-01-20T15:49:50+00:00\",\"description\":\"Euromaster Umut Oto Servis ileti\u015fim sayfas\u0131ndan bize kolayca ula\u015fabilirsiniz! Telefon, e-posta ve adres bilgilerimizle h\u0131zl\u0131 destek al\u0131n. Arac\u0131n\u0131z i\u00e7in uzman \u00e7\u00f6z\u00fcmler bir t\u0131k uza\u011f\u0131n\u0131zda!\",\"breadcrumb\":{\"@id\":\"https:\/\/bandirmaotoservis.com\/index.php\/servis\/#breadcrumb\"},\"inLanguage\":\"tr\",\"potentialAction\":[{\"@type\":\"ReadAction\",\"target\":[\"https:\/\/bandirmaotoservis.com\/index.php\/servis\/\"]}]},{\"@type\":\"ImageObject\",\"inLanguage\":\"tr\",\"@id\":\"https:\/\/bandirmaotoservis.com\/index.php\/servis\/#primaryimage\",\"url\":\"https:\/\/bandirmaotoservis.com\/wp-content\/uploads\/2025\/01\/services-img-01-1-357x242-1.jpg\",\"contentUrl\":\"https:\/\/bandirmaotoservis.com\/wp-content\/uploads\/2025\/01\/services-img-01-1-357x242-1.jpg\",\"width\":357,\"height\":242},{\"@type\":\"BreadcrumbList\",\"@id\":\"https:\/\/bandirmaotoservis.com\/index.php\/servis\/#breadcrumb\",\"itemListElement\":[{\"@type\":\"ListItem\",\"position\":1,\"name\":\"Home\",\"item\":\"https:\/\/bandirmaotoservis.com\/\"},{\"@type\":\"ListItem\",\"position\":2,\"name\":\"Servis\"}]},{\"@type\":\"WebSite\",\"@id\":\"https:\/\/bandirmaotoservis.com\/#website\",\"url\":\"https:\/\/bandirmaotoservis.com\/\",\"name\":\"Umut Oto Servis\",\"description\":\"Euromaster ve Michel Lastikleri Bayisi\",\"potentialAction\":[{\"@type\":\"SearchAction\",\"target\":{\"@type\":\"EntryPoint\",\"urlTemplate\":\"https:\/\/bandirmaotoservis.com\/?s={search_term_string}\"},\"query-input\":{\"@type\":\"PropertyValueSpecification\",\"valueRequired\":true,\"valueName\":\"search_term_string\"}}],\"inLanguage\":\"tr\"}]}<\/script>\n<!-- \/ Yoast SEO plugin. -->","yoast_head_json":{"title":"Servis - Umut Oto Servis","description":"Euromaster Umut Oto Servis ileti\u015fim sayfas\u0131ndan bize kolayca ula\u015fabilirsiniz! Telefon, e-posta ve adres bilgilerimizle h\u0131zl\u0131 destek al\u0131n. Arac\u0131n\u0131z i\u00e7in uzman \u00e7\u00f6z\u00fcmler bir t\u0131k uza\u011f\u0131n\u0131zda!","robots":{"index":"index","follow":"follow","max-snippet":"max-snippet:-1","max-image-preview":"max-image-preview:large","max-video-preview":"max-video-preview:-1"},"canonical":"https:\/\/bandirmaotoservis.com\/index.php\/servis\/","og_locale":"tr_TR","og_type":"article","og_title":"Servis - Umut Oto Servis","og_description":"Euromaster Umut Oto Servis ileti\u015fim sayfas\u0131ndan bize kolayca ula\u015fabilirsiniz! Telefon, e-posta ve adres bilgilerimizle h\u0131zl\u0131 destek al\u0131n. Arac\u0131n\u0131z i\u00e7in uzman \u00e7\u00f6z\u00fcmler bir t\u0131k uza\u011f\u0131n\u0131zda!","og_url":"https:\/\/bandirmaotoservis.com\/index.php\/servis\/","og_site_name":"Umut Oto Servis","article_modified_time":"2025-01-20T15:49:50+00:00","og_image":[{"url":"https:\/\/bandirmaotoservis.com\/wp-content\/uploads\/2025\/01\/services-img-01-1-357x242-1.jpg","type":"","width":"","height":""}],"twitter_card":"summary_large_image","twitter_misc":{"Tahmini okuma s\u00fcresi":"8 dakika"},"schema":{"@context":"https:\/\/schema.org","@graph":[{"@type":"WebPage","@id":"https:\/\/bandirmaotoservis.com\/index.php\/servis\/","url":"https:\/\/bandirmaotoservis.com\/index.php\/servis\/","name":"Servis - Umut Oto Servis","isPartOf":{"@id":"https:\/\/bandirmaotoservis.com\/#website"},"primaryImageOfPage":{"@id":"https:\/\/bandirmaotoservis.com\/index.php\/servis\/#primaryimage"},"image":{"@id":"https:\/\/bandirmaotoservis.com\/index.php\/servis\/#primaryimage"},"thumbnailUrl":"https:\/\/bandirmaotoservis.com\/wp-content\/uploads\/2025\/01\/services-img-01-1-357x242-1.jpg","datePublished":"2017-03-08T13:55:05+00:00","dateModified":"2025-01-20T15:49:50+00:00","description":"Euromaster Umut Oto Servis ileti\u015fim sayfas\u0131ndan bize kolayca ula\u015fabilirsiniz! Telefon, e-posta ve adres bilgilerimizle h\u0131zl\u0131 destek al\u0131n. Arac\u0131n\u0131z i\u00e7in uzman \u00e7\u00f6z\u00fcmler bir t\u0131k uza\u011f\u0131n\u0131zda!","breadcrumb":{"@id":"https:\/\/bandirmaotoservis.com\/index.php\/servis\/#breadcrumb"},"inLanguage":"tr","potentialAction":[{"@type":"ReadAction","target":["https:\/\/bandirmaotoservis.com\/index.php\/servis\/"]}]},{"@type":"ImageObject","inLanguage":"tr","@id":"https:\/\/bandirmaotoservis.com\/index.php\/servis\/#primaryimage","url":"https:\/\/bandirmaotoservis.com\/wp-content\/uploads\/2025\/01\/services-img-01-1-357x242-1.jpg","contentUrl":"https:\/\/bandirmaotoservis.com\/wp-content\/uploads\/2025\/01\/services-img-01-1-357x242-1.jpg","width":357,"height":242},{"@type":"BreadcrumbList","@id":"https:\/\/bandirmaotoservis.com\/index.php\/servis\/#breadcrumb","itemListElement":[{"@type":"ListItem","position":1,"name":"Home","item":"https:\/\/bandirmaotoservis.com\/"},{"@type":"ListItem","position":2,"name":"Servis"}]},{"@type":"WebSite","@id":"https:\/\/bandirmaotoservis.com\/#website","url":"https:\/\/bandirmaotoservis.com\/","name":"Umut Oto Servis","description":"Euromaster ve Michel Lastikleri Bayisi","potentialAction":[{"@type":"SearchAction","target":{"@type":"EntryPoint","urlTemplate":"https:\/\/bandirmaotoservis.com\/?s={search_term_string}"},"query-input":{"@type":"PropertyValueSpecification","valueRequired":true,"valueName":"search_term_string"}}],"inLanguage":"tr"}]}},"_links":{"self":[{"href":"https:\/\/bandirmaotoservis.com\/index.php\/wp-json\/wp\/v2\/pages\/13","targetHints":{"allow":["GET"]}}],"collection":[{"href":"https:\/\/bandirmaotoservis.com\/index.php\/wp-json\/wp\/v2\/pages"}],"about":[{"href":"https:\/\/bandirmaotoservis.com\/index.php\/wp-json\/wp\/v2\/types\/page"}],"author":[{"embeddable":true,"href":"https:\/\/bandirmaotoservis.com\/index.php\/wp-json\/wp\/v2\/users\/1"}],"replies":[{"embeddable":true,"href":"https:\/\/bandirmaotoservis.com\/index.php\/wp-json\/wp\/v2\/comments?post=13"}],"version-history":[{"count":1,"href":"https:\/\/bandirmaotoservis.com\/index.php\/wp-json\/wp\/v2\/pages\/13\/revisions"}],"predecessor-version":[{"id":2874,"href":"https:\/\/bandirmaotoservis.com\/index.php\/wp-json\/wp\/v2\/pages\/13\/revisions\/2874"}],"wp:attachment":[{"href":"https:\/\/bandirmaotoservis.com\/index.php\/wp-json\/wp\/v2\/media?parent=13"}],"curies":[{"name":"wp","href":"https:\/\/api.w.org\/{rel}","templated":true}]}}