{"id":48,"date":"2017-03-08T15:48:52","date_gmt":"2017-03-08T15:48:52","guid":{"rendered":"https:\/\/smartdata.tonytemplates.com\/car-repair-service-v4-services\/?page_id=48"},"modified":"2025-03-02T20:08:22","modified_gmt":"2025-03-02T20:08:22","slug":"bandirmaotoservis-com-iletisim-sayfasindan-bize-kolayca-ulasabilirsiniz-telefon-e-posta-ve-adres-bilgilerimizle-hizli-destek-alin-araciniz-icin-uzman-cozumler-bir-tik-uzaginizda","status":"publish","type":"page","link":"https:\/\/bandirmaotoservis.com\/index.php\/bandirmaotoservis-com-iletisim-sayfasindan-bize-kolayca-ulasabilirsiniz-telefon-e-posta-ve-adres-bilgilerimizle-hizli-destek-alin-araciniz-icin-uzman-cozumler-bir-tik-uzaginizda\/","title":{"rendered":"\u0130letisim"},"content":{"rendered":"\t\t<div data-elementor-type=\"wp-page\" data-elementor-id=\"48\" class=\"elementor elementor-48\">\n\t\t\t\t\t\t<section class=\"elementor-section elementor-top-section elementor-element elementor-element-6fc64d4 elementor-section-stretched elementor-section-full_width elementor-section-height-default elementor-section-height-default\" data-id=\"6fc64d4\" data-element_type=\"section\" data-settings=\"{&quot;stretch_section&quot;:&quot;section-stretched&quot;}\">\n\t\t\t\t\t\t<div class=\"elementor-container elementor-column-gap-no\">\n\t\t\t\t\t<div class=\"elementor-column elementor-col-100 elementor-top-column elementor-element elementor-element-7273983\" data-id=\"7273983\" data-element_type=\"column\">\n\t\t\t<div class=\"elementor-widget-wrap elementor-element-populated\">\n\t\t\t\t\t\t<div class=\"elementor-element elementor-element-b591a35 elementor-widget elementor-widget-contact_page\" data-id=\"b591a35\" data-element_type=\"widget\" data-widget_type=\"contact_page.default\">\n\t\t\t\t<div class=\"elementor-widget-container\">\n\t\t\t\t\t\t\t<div class=\"section-bg01\">\r\n\t\t\t<div class=\"block\">\r\n\t\t\t\t<div class=\"container no-gutters\">\r\n\t\t\t\t\t<div class=\"row \">\r\n\t\t\t\t\t\t<div class=\"col-sm-5 col-md-4 col-sm-push-7 col-md-push-8\">\r\n\t\t\t\t\t\t\t<div class=\"info02-wrapper\">\r\n\t\t\t\t\t\t\t\t\t\t\t\t\t\t\t<div class=\"info02\">\r\n\t\t\t\t\t\t\t\t\t<div class=\"info02__icon\"><span class=\" icon-locate\"><\/span><\/div>\r\n\t\t\t\t\t\t\t\t\t<h6 class=\"info02__title\">\r\n\t\t\t\t\t\t\t\t\t\tAdres\t\t\t\t\t\t\t\t\t<\/h6>\r\n\t\t\t\t\t\t\t\t\t<address>\r\n\t\t\t\t\t\t\t\t\t\u00d6merli, 16 Sokak No:1\/1, 10200 \n<br>Band\u0131rma\/Bal\u0131kesir\t\t\t\t\t\t\t\t\t<\/address>\r\n\t\t\t\t\t\t\t\t<\/div>\r\n\t\t\t\t\t\t\t\t\t\t\t\t\t\t\t\t<div class=\"info02\">\r\n\t\t\t\t\t\t\t\t\t<div class=\"info02__icon\"><span class=\" icon-phone\"><\/span><\/div>\r\n\t\t\t\t\t\t\t\t\t<h6 class=\"info02__title\">\r\n\t\t\t\t\t\t\t\t\t\t\u0130leti\u015fim\t\t\t\t\t\t\t\t\t<\/h6>\r\n\t\t\t\t\t\t\t\t\t<address>\r\n\t\t\t\t\t\t\t\t\t0505 810 10 11\t\t\t\t\t\t\t\t\t<\/address>\r\n\t\t\t\t\t\t\t\t<\/div>\r\n\t\t\t\t\t\t\t\t\t\t\t\t\t\t\t\t<div class=\"info02\">\r\n\t\t\t\t\t\t\t\t\t<div class=\"info02__icon\"><span class=\" icon-email\"><\/span><\/div>\r\n\t\t\t\t\t\t\t\t\t<h6 class=\"info02__title\">\r\n\t\t\t\t\t\t\t\t\t\tE-mail\t\t\t\t\t\t\t\t\t<\/h6>\r\n\t\t\t\t\t\t\t\t\t<address>\r\n\t\t\t\t\t\t\t\t\tservis@bandirmaotoservis.com\t\t\t\t\t\t\t\t\t<\/address>\r\n\t\t\t\t\t\t\t\t<\/div>\r\n\t\t\t\t\t\t\t\t\t\t\t\t\t\t\t\t<div class=\"info02\">\r\n\t\t\t\t\t\t\t\t\t<div class=\"info02__icon\"><span class=\" icon-clock\"><\/span><\/div>\r\n\t\t\t\t\t\t\t\t\t<h6 class=\"info02__title\">\r\n\t\t\t\t\t\t\t\t\t\t\u00c7al\u0131\u015fma Saatleri\t\t\t\t\t\t\t\t\t<\/h6>\r\n\t\t\t\t\t\t\t\t\t<address>\r\n\t\t\t\t\t\t\t\t\tHafta \u0130\u00e7i : 9:00  - 18:00 <br>\nCumartesi: 9:00 - 15:00<br>\nPazar: Kapal\u0131\t\t\t\t\t\t\t\t\t<\/address>\r\n\t\t\t\t\t\t\t\t<\/div>\r\n\t\t\t\t\t\t\t\t\t\t\t\t\t\t\t<\/div>\r\n\t\t\t\t\t\t<\/div>\r\n\t\t\t\t\t\t<div class=\"divider-lg hidden-lg hidden-md hidden-sm\"><\/div>\r\n\t\t\t\t\t\t<div class=\"col-sm-7 col-md-8 col-sm-pull-5 col-md-pull-4\">\r\n\t\t\t\t\t\t\t<div class=\"box-wrapper\">\r\n\t\t\t\t\t\t\t\t<div class=\"block-title text-left\">\r\n\t\t\t\t\t\t\t\t\t<h2 class=\"block-title__title\">Bizimle \u0130leti\u015fime Ge\u00e7in !<\/h2>\r\n\t\t\t\t\t\t\t\t\t<div class=\"block-title__description\">\r\n\t\t\t\t\t\t\t\t\tArac\u0131n\u0131zla ilgili soru ve g\u00f6r\u00fc\u015fleriniz i\u00e7in bize yazabilirsiniz.\t\t\t\t\t\t\t\t\t<\/div>\r\n\t\t\t\t\t\t\t\t\t<div class=\"title-separator\"><\/div>\r\n\t\t\t\t\t\t\t\t<\/div>\r\n\t\t\t\t\t\t\t\t\n<div class=\"wpcf7 no-js\" id=\"wpcf7-f2225-o1\" lang=\"en-US\" dir=\"ltr\" data-wpcf7-id=\"2225\">\n<div class=\"screen-reader-response\"><p role=\"status\" aria-live=\"polite\" aria-atomic=\"true\"><\/p> <ul><\/ul><\/div>\n<form action=\"\/index.php\/wp-json\/wp\/v2\/pages\/48#wpcf7-f2225-o1\" method=\"post\" class=\"wpcf7-form init\" aria-label=\"Contact form\" novalidate=\"novalidate\" data-status=\"init\">\n<div style=\"display: none;\">\n<input type=\"hidden\" name=\"_wpcf7\" value=\"2225\" \/>\n<input type=\"hidden\" name=\"_wpcf7_version\" value=\"6.0.3\" \/>\n<input type=\"hidden\" name=\"_wpcf7_locale\" value=\"en_US\" \/>\n<input type=\"hidden\" name=\"_wpcf7_unit_tag\" value=\"wpcf7-f2225-o1\" \/>\n<input type=\"hidden\" name=\"_wpcf7_container_post\" value=\"0\" \/>\n<input type=\"hidden\" name=\"_wpcf7_posted_data_hash\" value=\"\" \/>\n<\/div>\n<div class=\"contact-form form-default\">\n\t<div class=\"row\">\n\t\t<div class=\"col-md-6\">\n\t\t\t<div class=\"input-wrapper\">\n\t\t\t\t<p><span class=\"wpcf7-form-control-wrap\" data-name=\"your-name\"><input size=\"40\" maxlength=\"400\" class=\"wpcf7-form-control wpcf7-text wpcf7-validates-as-required form-control input-full\" aria-required=\"true\" aria-invalid=\"false\" placeholder=\"Ad\u0131n\u0131z\" value=\"\" type=\"text\" name=\"your-name\" \/><\/span>\n\t\t\t\t<\/p>\n\t\t\t<\/div>\n\t\t<\/div>\n\t\t<div class=\"col-md-6\">\n\t\t\t<div class=\"input-wrapper\">\n\t\t\t\t<p><span class=\"wpcf7-form-control-wrap\" data-name=\"your-email\"><input size=\"40\" maxlength=\"400\" class=\"wpcf7-form-control wpcf7-email wpcf7-validates-as-required wpcf7-text wpcf7-validates-as-email form-control input-full\" aria-required=\"true\" aria-invalid=\"false\" placeholder=\"Mail adresiniz\" value=\"\" type=\"email\" name=\"your-email\" \/><\/span>\n\t\t\t\t<\/p>\n\t\t\t<\/div>\n\t\t<\/div>\n\t<\/div>\n\t<div class=\"input-wrapper\">\n\t\t<p><span class=\"wpcf7-form-control-wrap\" data-name=\"your-message\"><textarea cols=\"40\" rows=\"10\" maxlength=\"2000\" class=\"wpcf7-form-control wpcf7-textarea wpcf7-validates-as-required input-full form-control\" aria-required=\"true\" aria-invalid=\"false\" placeholder=\"Mesaj\u0131n\u0131z...\" name=\"your-message\"><\/textarea><\/span>\n\t\t<\/p>\n\t<\/div>\n\t<p><button type=\"submit\" id=\"submit-contact\" class=\"btn btn-border btn-invert btn-wide wpcf7-form-control wpcf7-submit\"><span>G\u00f6nder<\/span><\/button>\n\t<\/p>\n<\/div><div class=\"wpcf7-response-output\" aria-hidden=\"true\"><\/div>\n<\/form>\n<\/div>\n\t\t\t\t\t\t\t<\/div>\r\n\t\t\t\t\t\t<\/div>\r\n\t\t\t\t\t<\/div>\r\n\t\t\t\t<\/div>\r\n\t\t\t<\/div>\r\n\t\t<\/div>\r\n\t\t\t\t\t\t<\/div>\n\t\t\t\t<\/div>\n\t\t\t\t\t<\/div>\n\t\t<\/div>\n\t\t\t\t\t<\/div>\n\t\t<\/section>\n\t\t<div class=\"elementor-element elementor-element-c0acdb8 e-flex e-con-boxed e-con e-parent\" data-id=\"c0acdb8\" data-element_type=\"container\">\n\t\t\t\t\t<div class=\"e-con-inner\">\n\t\t\t\t<div class=\"elementor-element elementor-element-d074432 elementor-widget elementor-widget-html\" data-id=\"d074432\" data-element_type=\"widget\" data-widget_type=\"html.default\">\n\t\t\t\t<div class=\"elementor-widget-container\">\n\t\t\t\t\t<!-- Event snippet for Sayfa g\u00f6r\u00fcnt\u00fcleme conversion page --> <script> gtag('event', 'conversion', {'send_to': 'AW-16898881575\/DqpaCN-Bo6QaEKfwgfo-'}); <\/script>\t\t\t\t<\/div>\n\t\t\t\t<\/div>\n\t\t\t\t\t<\/div>\n\t\t\t\t<\/div>\n\t\t\t\t<\/div>\n\t\t","protected":false},"excerpt":{"rendered":"<p>Adres \u00d6merli, 16 Sokak No:1\/1, 10200 Band\u0131rma\/Bal\u0131kesir \u0130leti\u015fim 0505 810 10 11 E-mail servis@bandirmaotoservis.com \u00c7al\u0131\u015fma Saatleri Hafta \u0130\u00e7i : 9:00 &#8211; 18:00 Cumartesi: 9:00 &#8211; 15:00 Pazar: Kapal\u0131 Bizimle \u0130leti\u015fime Ge\u00e7in ! Arac\u0131n\u0131zla ilgili soru ve g\u00f6r\u00fc\u015fleriniz i\u00e7in bize yazabilirsiniz. G\u00f6nder<\/p>\n","protected":false},"author":1,"featured_media":0,"parent":0,"menu_order":0,"comment_status":"closed","ping_status":"closed","template":"","meta":{"footnotes":""},"class_list":["post-48","page","type-page","status-publish","hentry"],"yoast_head":"<!-- This site is optimized with the Yoast SEO plugin v24.2 - https:\/\/yoast.com\/wordpress\/plugins\/seo\/ -->\n<title>\u0130letisim - Umut Oto Servis<\/title>\n<meta name=\"robots\" content=\"index, follow, max-snippet:-1, max-image-preview:large, max-video-preview:-1\" \/>\n<link rel=\"canonical\" href=\"https:\/\/bandirmaotoservis.com\/index.php\/bandirmaotoservis-com-iletisim-sayfasindan-bize-kolayca-ulasabilirsiniz-telefon-e-posta-ve-adres-bilgilerimizle-hizli-destek-alin-araciniz-icin-uzman-cozumler-bir-tik-uzaginizda\/\" \/>\n<meta property=\"og:locale\" content=\"tr_TR\" \/>\n<meta property=\"og:type\" content=\"article\" \/>\n<meta property=\"og:title\" content=\"\u0130letisim - Umut Oto Servis\" \/>\n<meta property=\"og:description\" content=\"Adres \u00d6merli, 16 Sokak No:1\/1, 10200 Band\u0131rma\/Bal\u0131kesir \u0130leti\u015fim 0505 810 10 11 E-mail servis@bandirmaotoservis.com \u00c7al\u0131\u015fma Saatleri Hafta \u0130\u00e7i : 9:00 &#8211; 18:00 Cumartesi: 9:00 &#8211; 15:00 Pazar: Kapal\u0131 Bizimle \u0130leti\u015fime Ge\u00e7in ! Arac\u0131n\u0131zla ilgili soru ve g\u00f6r\u00fc\u015fleriniz i\u00e7in bize yazabilirsiniz. G\u00f6nder\" \/>\n<meta property=\"og:url\" content=\"https:\/\/bandirmaotoservis.com\/index.php\/bandirmaotoservis-com-iletisim-sayfasindan-bize-kolayca-ulasabilirsiniz-telefon-e-posta-ve-adres-bilgilerimizle-hizli-destek-alin-araciniz-icin-uzman-cozumler-bir-tik-uzaginizda\/\" \/>\n<meta property=\"og:site_name\" content=\"Umut Oto Servis\" \/>\n<meta property=\"article:modified_time\" content=\"2025-03-02T20:08:22+00:00\" \/>\n<meta name=\"twitter:card\" content=\"summary_large_image\" \/>\n<meta name=\"twitter:label1\" content=\"Tahmini okuma s\u00fcresi\" \/>\n\t<meta name=\"twitter:data1\" content=\"1 dakika\" \/>\n<script type=\"application\/ld+json\" class=\"yoast-schema-graph\">{\"@context\":\"https:\/\/schema.org\",\"@graph\":[{\"@type\":\"WebPage\",\"@id\":\"https:\/\/bandirmaotoservis.com\/index.php\/bandirmaotoservis-com-iletisim-sayfasindan-bize-kolayca-ulasabilirsiniz-telefon-e-posta-ve-adres-bilgilerimizle-hizli-destek-alin-araciniz-icin-uzman-cozumler-bir-tik-uzaginizda\/\",\"url\":\"https:\/\/bandirmaotoservis.com\/index.php\/bandirmaotoservis-com-iletisim-sayfasindan-bize-kolayca-ulasabilirsiniz-telefon-e-posta-ve-adres-bilgilerimizle-hizli-destek-alin-araciniz-icin-uzman-cozumler-bir-tik-uzaginizda\/\",\"name\":\"\u0130letisim - Umut Oto Servis\",\"isPartOf\":{\"@id\":\"https:\/\/bandirmaotoservis.com\/#website\"},\"datePublished\":\"2017-03-08T15:48:52+00:00\",\"dateModified\":\"2025-03-02T20:08:22+00:00\",\"breadcrumb\":{\"@id\":\"https:\/\/bandirmaotoservis.com\/index.php\/bandirmaotoservis-com-iletisim-sayfasindan-bize-kolayca-ulasabilirsiniz-telefon-e-posta-ve-adres-bilgilerimizle-hizli-destek-alin-araciniz-icin-uzman-cozumler-bir-tik-uzaginizda\/#breadcrumb\"},\"inLanguage\":\"tr\",\"potentialAction\":[{\"@type\":\"ReadAction\",\"target\":[\"https:\/\/bandirmaotoservis.com\/index.php\/bandirmaotoservis-com-iletisim-sayfasindan-bize-kolayca-ulasabilirsiniz-telefon-e-posta-ve-adres-bilgilerimizle-hizli-destek-alin-araciniz-icin-uzman-cozumler-bir-tik-uzaginizda\/\"]}]},{\"@type\":\"BreadcrumbList\",\"@id\":\"https:\/\/bandirmaotoservis.com\/index.php\/bandirmaotoservis-com-iletisim-sayfasindan-bize-kolayca-ulasabilirsiniz-telefon-e-posta-ve-adres-bilgilerimizle-hizli-destek-alin-araciniz-icin-uzman-cozumler-bir-tik-uzaginizda\/#breadcrumb\",\"itemListElement\":[{\"@type\":\"ListItem\",\"position\":1,\"name\":\"Home\",\"item\":\"https:\/\/bandirmaotoservis.com\/\"},{\"@type\":\"ListItem\",\"position\":2,\"name\":\"\u0130letisim\"}]},{\"@type\":\"WebSite\",\"@id\":\"https:\/\/bandirmaotoservis.com\/#website\",\"url\":\"https:\/\/bandirmaotoservis.com\/\",\"name\":\"Umut Oto Servis\",\"description\":\"Euromaster ve Michel Lastikleri Bayisi\",\"potentialAction\":[{\"@type\":\"SearchAction\",\"target\":{\"@type\":\"EntryPoint\",\"urlTemplate\":\"https:\/\/bandirmaotoservis.com\/?s={search_term_string}\"},\"query-input\":{\"@type\":\"PropertyValueSpecification\",\"valueRequired\":true,\"valueName\":\"search_term_string\"}}],\"inLanguage\":\"tr\"}]}<\/script>\n<!-- \/ Yoast SEO plugin. -->","yoast_head_json":{"title":"\u0130letisim - Umut Oto Servis","robots":{"index":"index","follow":"follow","max-snippet":"max-snippet:-1","max-image-preview":"max-image-preview:large","max-video-preview":"max-video-preview:-1"},"canonical":"https:\/\/bandirmaotoservis.com\/index.php\/bandirmaotoservis-com-iletisim-sayfasindan-bize-kolayca-ulasabilirsiniz-telefon-e-posta-ve-adres-bilgilerimizle-hizli-destek-alin-araciniz-icin-uzman-cozumler-bir-tik-uzaginizda\/","og_locale":"tr_TR","og_type":"article","og_title":"\u0130letisim - Umut Oto Servis","og_description":"Adres \u00d6merli, 16 Sokak No:1\/1, 10200 Band\u0131rma\/Bal\u0131kesir \u0130leti\u015fim 0505 810 10 11 E-mail servis@bandirmaotoservis.com \u00c7al\u0131\u015fma Saatleri Hafta \u0130\u00e7i : 9:00 &#8211; 18:00 Cumartesi: 9:00 &#8211; 15:00 Pazar: Kapal\u0131 Bizimle \u0130leti\u015fime Ge\u00e7in ! Arac\u0131n\u0131zla ilgili soru ve g\u00f6r\u00fc\u015fleriniz i\u00e7in bize yazabilirsiniz. G\u00f6nder","og_url":"https:\/\/bandirmaotoservis.com\/index.php\/bandirmaotoservis-com-iletisim-sayfasindan-bize-kolayca-ulasabilirsiniz-telefon-e-posta-ve-adres-bilgilerimizle-hizli-destek-alin-araciniz-icin-uzman-cozumler-bir-tik-uzaginizda\/","og_site_name":"Umut Oto Servis","article_modified_time":"2025-03-02T20:08:22+00:00","twitter_card":"summary_large_image","twitter_misc":{"Tahmini okuma s\u00fcresi":"1 dakika"},"schema":{"@context":"https:\/\/schema.org","@graph":[{"@type":"WebPage","@id":"https:\/\/bandirmaotoservis.com\/index.php\/bandirmaotoservis-com-iletisim-sayfasindan-bize-kolayca-ulasabilirsiniz-telefon-e-posta-ve-adres-bilgilerimizle-hizli-destek-alin-araciniz-icin-uzman-cozumler-bir-tik-uzaginizda\/","url":"https:\/\/bandirmaotoservis.com\/index.php\/bandirmaotoservis-com-iletisim-sayfasindan-bize-kolayca-ulasabilirsiniz-telefon-e-posta-ve-adres-bilgilerimizle-hizli-destek-alin-araciniz-icin-uzman-cozumler-bir-tik-uzaginizda\/","name":"\u0130letisim - Umut Oto Servis","isPartOf":{"@id":"https:\/\/bandirmaotoservis.com\/#website"},"datePublished":"2017-03-08T15:48:52+00:00","dateModified":"2025-03-02T20:08:22+00:00","breadcrumb":{"@id":"https:\/\/bandirmaotoservis.com\/index.php\/bandirmaotoservis-com-iletisim-sayfasindan-bize-kolayca-ulasabilirsiniz-telefon-e-posta-ve-adres-bilgilerimizle-hizli-destek-alin-araciniz-icin-uzman-cozumler-bir-tik-uzaginizda\/#breadcrumb"},"inLanguage":"tr","potentialAction":[{"@type":"ReadAction","target":["https:\/\/bandirmaotoservis.com\/index.php\/bandirmaotoservis-com-iletisim-sayfasindan-bize-kolayca-ulasabilirsiniz-telefon-e-posta-ve-adres-bilgilerimizle-hizli-destek-alin-araciniz-icin-uzman-cozumler-bir-tik-uzaginizda\/"]}]},{"@type":"BreadcrumbList","@id":"https:\/\/bandirmaotoservis.com\/index.php\/bandirmaotoservis-com-iletisim-sayfasindan-bize-kolayca-ulasabilirsiniz-telefon-e-posta-ve-adres-bilgilerimizle-hizli-destek-alin-araciniz-icin-uzman-cozumler-bir-tik-uzaginizda\/#breadcrumb","itemListElement":[{"@type":"ListItem","position":1,"name":"Home","item":"https:\/\/bandirmaotoservis.com\/"},{"@type":"ListItem","position":2,"name":"\u0130letisim"}]},{"@type":"WebSite","@id":"https:\/\/bandirmaotoservis.com\/#website","url":"https:\/\/bandirmaotoservis.com\/","name":"Umut Oto Servis","description":"Euromaster ve Michel Lastikleri Bayisi","potentialAction":[{"@type":"SearchAction","target":{"@type":"EntryPoint","urlTemplate":"https:\/\/bandirmaotoservis.com\/?s={search_term_string}"},"query-input":{"@type":"PropertyValueSpecification","valueRequired":true,"valueName":"search_term_string"}}],"inLanguage":"tr"}]}},"_links":{"self":[{"href":"https:\/\/bandirmaotoservis.com\/index.php\/wp-json\/wp\/v2\/pages\/48","targetHints":{"allow":["GET"]}}],"collection":[{"href":"https:\/\/bandirmaotoservis.com\/index.php\/wp-json\/wp\/v2\/pages"}],"about":[{"href":"https:\/\/bandirmaotoservis.com\/index.php\/wp-json\/wp\/v2\/types\/page"}],"author":[{"embeddable":true,"href":"https:\/\/bandirmaotoservis.com\/index.php\/wp-json\/wp\/v2\/users\/1"}],"replies":[{"embeddable":true,"href":"https:\/\/bandirmaotoservis.com\/index.php\/wp-json\/wp\/v2\/comments?post=48"}],"version-history":[{"count":7,"href":"https:\/\/bandirmaotoservis.com\/index.php\/wp-json\/wp\/v2\/pages\/48\/revisions"}],"predecessor-version":[{"id":3039,"href":"https:\/\/bandirmaotoservis.com\/index.php\/wp-json\/wp\/v2\/pages\/48\/revisions\/3039"}],"wp:attachment":[{"href":"https:\/\/bandirmaotoservis.com\/index.php\/wp-json\/wp\/v2\/media?parent=48"}],"curies":[{"name":"wp","href":"https:\/\/api.w.org\/{rel}","templated":true}]}}